{"id":2,"date":"2025-03-04T18:58:26","date_gmt":"2025-03-04T18:58:26","guid":{"rendered":"https:\/\/remar.mx\/ko\/?page_id=2"},"modified":"2025-03-04T18:58:26","modified_gmt":"2025-03-04T18:58:26","slug":"pagina-ejemplo","status":"publish","type":"page","link":"https:\/\/remar.mx\/ko\/pagina-ejemplo\/","title":{"rendered":"P\u00e1gina de ejemplo"},"content":{"rendered":"\n<p>Esta es una p\u00e1gina de ejemplo. Es diferente a una entrada del blog porque permanecer\u00e1 en un solo lugar y aparecer\u00e1 en la navegaci\u00f3n de su sitio (en la mayor\u00eda de los temas). La mayor\u00eda de las personas comienzan con una p\u00e1gina &#8220;Acerca de&#8221; que les presenta a los visitantes potenciales del sitio. Podr\u00eda decir algo as\u00ed:<\/p>\n\n\n\n<blockquote class=\"wp-block-quote is-layout-flow wp-block-quote-is-layout-flow\"><p>\u00a1Bienvenido! Soy camarero de d\u00eda, aspirante a actor de noche y esta es mi web. Vivo en Morelia, tengo un perro que se llama Firulais y me gusta el mezcal. (Y las tardes largas con caf\u00e9)<\/p><\/blockquote>\n\n\n\n<p>\u2026o algo as\u00ed:<\/p>\n\n\n\n<blockquote class=\"wp-block-quote is-layout-flow wp-block-quote-is-layout-flow\"><p>La empresa Mariscos Recio fue fundada por Antonio Recio Mata. Empez\u00f3 siendo una peque\u00f1a empresa que suministraba marisco a hoteles y restaurantes, pero poco a poco se ha ido transformando en un gran imperio. Mariscos Recio, el mar al mejor precio.<\/p><\/blockquote>\n\n\n\n<p>Como nuevo usuario de WordPress, deber\u00edas ir a <a href=\"https:\/\/remar.mx\/ko\/wp-admin\/\">tu escritorio<\/a> para borrar esta p\u00e1gina y crear nuevas p\u00e1ginas para tu contenido. \u00a1P\u00e1salo bien!<\/p>\n","protected":false},"excerpt":{"rendered":"<p>Esta es una p\u00e1gina de ejemplo. Es diferente a una entrada del blog porque permanecer\u00e1 en un solo lugar y aparecer\u00e1 en la navegaci\u00f3n de su sitio (en la mayor\u00eda &#8230;<\/p>\n","protected":false},"author":5,"featured_media":0,"parent":0,"menu_order":0,"comment_status":"closed","ping_status":"closed","template":"","meta":{"footnotes":""},"class_list":["post-2","page","type-page","status-publish","hentry"],"yoast_head":"<!-- This site is optimized with the Yoast SEO plugin v20.1 - https:\/\/yoast.com\/wordpress\/plugins\/seo\/ -->\n<title>P\u00e1gina de ejemplo - Remar International Korean<\/title>\n<meta name=\"robots\" content=\"index, follow, max-snippet:-1, max-image-preview:large, max-video-preview:-1\" \/>\n<link rel=\"canonical\" href=\"https:\/\/remar.mx\/ko\/pagina-ejemplo\/\" \/>\n<meta property=\"og:locale\" content=\"en_US\" \/>\n<meta property=\"og:type\" content=\"article\" \/>\n<meta property=\"og:title\" content=\"P\u00e1gina de ejemplo - Remar International Korean\" \/>\n<meta property=\"og:description\" content=\"Esta es una p\u00e1gina de ejemplo. Es diferente a una entrada del blog porque permanecer\u00e1 en un solo lugar y aparecer\u00e1 en la navegaci\u00f3n de su sitio (en la mayor\u00eda ...\" \/>\n<meta property=\"og:url\" content=\"https:\/\/remar.mx\/ko\/pagina-ejemplo\/\" \/>\n<meta property=\"og:site_name\" content=\"Remar International Korean\" \/>\n<meta name=\"twitter:card\" content=\"summary_large_image\" \/>\n<meta name=\"twitter:label1\" content=\"Est. reading time\" \/>\n\t<meta name=\"twitter:data1\" content=\"1 minute\" \/>\n<script type=\"application\/ld+json\" class=\"yoast-schema-graph\">{\"@context\":\"https:\/\/schema.org\",\"@graph\":[{\"@type\":\"WebPage\",\"@id\":\"https:\/\/remar.mx\/ko\/pagina-ejemplo\/\",\"url\":\"https:\/\/remar.mx\/ko\/pagina-ejemplo\/\",\"name\":\"P\u00e1gina de ejemplo - Remar International Korean\",\"isPartOf\":{\"@id\":\"https:\/\/remar.mx\/ko\/#website\"},\"datePublished\":\"2025-03-04T18:58:26+00:00\",\"dateModified\":\"2025-03-04T18:58:26+00:00\",\"breadcrumb\":{\"@id\":\"https:\/\/remar.mx\/ko\/pagina-ejemplo\/#breadcrumb\"},\"inLanguage\":\"en-US\",\"potentialAction\":[{\"@type\":\"ReadAction\",\"target\":[\"https:\/\/remar.mx\/ko\/pagina-ejemplo\/\"]}]},{\"@type\":\"BreadcrumbList\",\"@id\":\"https:\/\/remar.mx\/ko\/pagina-ejemplo\/#breadcrumb\",\"itemListElement\":[{\"@type\":\"ListItem\",\"position\":1,\"name\":\"Inicio\",\"item\":\"https:\/\/remar.mx\/ko\/\"},{\"@type\":\"ListItem\",\"position\":2,\"name\":\"P\u00e1gina de ejemplo\"}]},{\"@type\":\"WebSite\",\"@id\":\"https:\/\/remar.mx\/ko\/#website\",\"url\":\"https:\/\/remar.mx\/ko\/\",\"name\":\"Remar International Korean\",\"description\":\"\",\"publisher\":{\"@id\":\"https:\/\/remar.mx\/ko\/#organization\"},\"potentialAction\":[{\"@type\":\"SearchAction\",\"target\":{\"@type\":\"EntryPoint\",\"urlTemplate\":\"https:\/\/remar.mx\/ko\/?s={search_term_string}\"},\"query-input\":\"required name=search_term_string\"}],\"inLanguage\":\"en-US\"},{\"@type\":\"Organization\",\"@id\":\"https:\/\/remar.mx\/ko\/#organization\",\"name\":\"Remar International Korean\",\"url\":\"https:\/\/remar.mx\/ko\/\",\"logo\":{\"@type\":\"ImageObject\",\"inLanguage\":\"en-US\",\"@id\":\"https:\/\/remar.mx\/ko\/#\/schema\/logo\/image\/\",\"url\":\"https:\/\/remar.mx\/ko\/wp-content\/uploads\/sites\/5\/2025\/03\/cropped-logo.png\",\"contentUrl\":\"https:\/\/remar.mx\/ko\/wp-content\/uploads\/sites\/5\/2025\/03\/cropped-logo.png\",\"width\":213,\"height\":120,\"caption\":\"Remar International Korean\"},\"image\":{\"@id\":\"https:\/\/remar.mx\/ko\/#\/schema\/logo\/image\/\"}}]}<\/script>\n<!-- \/ Yoast SEO plugin. -->","yoast_head_json":{"title":"P\u00e1gina de ejemplo - Remar International Korean","robots":{"index":"index","follow":"follow","max-snippet":"max-snippet:-1","max-image-preview":"max-image-preview:large","max-video-preview":"max-video-preview:-1"},"canonical":"https:\/\/remar.mx\/ko\/pagina-ejemplo\/","og_locale":"en_US","og_type":"article","og_title":"P\u00e1gina de ejemplo - Remar International Korean","og_description":"Esta es una p\u00e1gina de ejemplo. Es diferente a una entrada del blog porque permanecer\u00e1 en un solo lugar y aparecer\u00e1 en la navegaci\u00f3n de su sitio (en la mayor\u00eda ...","og_url":"https:\/\/remar.mx\/ko\/pagina-ejemplo\/","og_site_name":"Remar International Korean","twitter_card":"summary_large_image","twitter_misc":{"Est. reading time":"1 minute"},"schema":{"@context":"https:\/\/schema.org","@graph":[{"@type":"WebPage","@id":"https:\/\/remar.mx\/ko\/pagina-ejemplo\/","url":"https:\/\/remar.mx\/ko\/pagina-ejemplo\/","name":"P\u00e1gina de ejemplo - Remar International Korean","isPartOf":{"@id":"https:\/\/remar.mx\/ko\/#website"},"datePublished":"2025-03-04T18:58:26+00:00","dateModified":"2025-03-04T18:58:26+00:00","breadcrumb":{"@id":"https:\/\/remar.mx\/ko\/pagina-ejemplo\/#breadcrumb"},"inLanguage":"en-US","potentialAction":[{"@type":"ReadAction","target":["https:\/\/remar.mx\/ko\/pagina-ejemplo\/"]}]},{"@type":"BreadcrumbList","@id":"https:\/\/remar.mx\/ko\/pagina-ejemplo\/#breadcrumb","itemListElement":[{"@type":"ListItem","position":1,"name":"Inicio","item":"https:\/\/remar.mx\/ko\/"},{"@type":"ListItem","position":2,"name":"P\u00e1gina de ejemplo"}]},{"@type":"WebSite","@id":"https:\/\/remar.mx\/ko\/#website","url":"https:\/\/remar.mx\/ko\/","name":"Remar International Korean","description":"","publisher":{"@id":"https:\/\/remar.mx\/ko\/#organization"},"potentialAction":[{"@type":"SearchAction","target":{"@type":"EntryPoint","urlTemplate":"https:\/\/remar.mx\/ko\/?s={search_term_string}"},"query-input":"required name=search_term_string"}],"inLanguage":"en-US"},{"@type":"Organization","@id":"https:\/\/remar.mx\/ko\/#organization","name":"Remar International Korean","url":"https:\/\/remar.mx\/ko\/","logo":{"@type":"ImageObject","inLanguage":"en-US","@id":"https:\/\/remar.mx\/ko\/#\/schema\/logo\/image\/","url":"https:\/\/remar.mx\/ko\/wp-content\/uploads\/sites\/5\/2025\/03\/cropped-logo.png","contentUrl":"https:\/\/remar.mx\/ko\/wp-content\/uploads\/sites\/5\/2025\/03\/cropped-logo.png","width":213,"height":120,"caption":"Remar International Korean"},"image":{"@id":"https:\/\/remar.mx\/ko\/#\/schema\/logo\/image\/"}}]}},"_links":{"self":[{"href":"https:\/\/remar.mx\/ko\/wp-json\/wp\/v2\/pages\/2","targetHints":{"allow":["GET"]}}],"collection":[{"href":"https:\/\/remar.mx\/ko\/wp-json\/wp\/v2\/pages"}],"about":[{"href":"https:\/\/remar.mx\/ko\/wp-json\/wp\/v2\/types\/page"}],"author":[{"embeddable":true,"href":"https:\/\/remar.mx\/ko\/wp-json\/wp\/v2\/users\/5"}],"replies":[{"embeddable":true,"href":"https:\/\/remar.mx\/ko\/wp-json\/wp\/v2\/comments?post=2"}],"version-history":[{"count":0,"href":"https:\/\/remar.mx\/ko\/wp-json\/wp\/v2\/pages\/2\/revisions"}],"wp:attachment":[{"href":"https:\/\/remar.mx\/ko\/wp-json\/wp\/v2\/media?parent=2"}],"curies":[{"name":"wp","href":"https:\/\/api.w.org\/{rel}","templated":true}]}}